{"id":168,"date":"2025-04-09T10:22:09","date_gmt":"2025-04-09T08:22:09","guid":{"rendered":"https:\/\/hsp.ro\/?page_id=168"},"modified":"2025-04-09T11:54:53","modified_gmt":"2025-04-09T09:54:53","slug":"pimex-hr","status":"publish","type":"page","link":"https:\/\/hsp.ro\/index.php\/pimex\/pimex-hr\/","title":{"rendered":"HR"},"content":{"rendered":"<blockquote class=\"wp-block-quote is-layout-flow wp-block-quote-is-layout-flow\"><p class=\"has-theme-4-color has-text-color has-link-color has-large-font-size wp-elements-65813fdd343470d43a4b95545bce4fd9\">PIMEX \u00een HR \u2013 Recrutare, Reten\u021bie \u0219i Reconversie cu \u00een\u021belegere psihologic\u0103 profund\u0103<\/p>\n\n<p>\ud83c\udfaf \u00centr-o er\u0103 \u00een care automatizarea redefine\u0219te structurile organiza\u021bionale, <strong>adev\u0103rata diferen\u021b\u0103 competitiv\u0103 r\u0103m\u00e2ne umanul.<\/strong><br>Subcategoria <strong>HR<\/strong> a blogului PIMEX exploreaz\u0103 aplicabilitatea modelului \u00een procesele de <strong>recrutare strategic\u0103, reten\u021bie predictiv\u0103, evaluare psiho-profesional\u0103 \u0219i reconversie voca\u021bional\u0103.<\/strong><\/p><\/blockquote><p><strong>PIMEX<\/strong> aduce o abordare nou\u0103 \u00een HR prin:<\/p><ul class=\"wp-block-list\"><li>Integrarea unui <strong>inventar psihologic simbolic<\/strong>,<\/li>\n\n<li>Evaluarea din multiple unghiuri (motiva\u021bional, comportamental, cognitiv, rela\u021bional),<\/li>\n\n<li>Generarea de <strong>rapoarte interpretative automate<\/strong> adaptate contextului profesional.<\/li><\/ul><blockquote class=\"wp-block-quote is-layout-flow wp-block-quote-is-layout-flow\"><p>\ud83d\udccc Aici vei g\u0103si articole despre:<\/p><\/blockquote><ul class=\"wp-block-list\"><li>Cum poate fi folosit PIMEX \u00een interviuri \u0219i onboarding;<\/li>\n\n<li>Cum identifici burnout-ul din faz\u0103 incipient\u0103;<\/li>\n\n<li>Strategii pentru reten\u021bie bazate pe profil psihologic;<\/li>\n\n<li>Modele de reconversie profesional\u0103 personalizat\u0103.<\/li><\/ul><blockquote class=\"wp-block-quote is-layout-flow wp-block-quote-is-layout-flow\"><p>\ud83e\udde9 Fiecare articol este scris din perspectiva speciali\u0219tilor HR, psihologi organiza\u021bionali \u0219i exper\u021bi \u00een analiz\u0103 comportamental\u0103, cu exemple concrete, ghiduri de implementare \u0219i studii de caz.<\/p><\/blockquote><ul class=\"wp-block-latest-posts__list wp-block-latest-posts\"><li><a class=\"wp-block-latest-posts__post-title\" href=\"https:\/\/hsp.ro\/index.php\/2025\/04\/09\/pimex-in-reconversia-profesionala-cum-iti-rescrii-traseul-cu-sens-dupa-45-de-ani\/\">\ud83d\udd04 PIMEX \u00een reconversia profesional\u0103 \u2013 Cum \u00ee\u021bi rescrii traseul cu sens, dup\u0103 45 de ani<\/a><\/li>\n<li><a class=\"wp-block-latest-posts__post-title\" href=\"https:\/\/hsp.ro\/index.php\/2025\/04\/09\/detectarea-timpurie-a-burnoutului-cu-ajutorul-modelului-pimex\/\">\ud83d\udd25 Detectarea timpurie a burnoutului cu ajutorul modelului PIMEX<\/a><\/li>\n<li><a class=\"wp-block-latest-posts__post-title\" href=\"https:\/\/hsp.ro\/index.php\/2025\/04\/09\/cum-poate-fi-folosit-modelul-pimex-in-procesul-de-recrutare\/\">\ud83d\udc65 Cum poate fi folosit modelul PIMEX \u00een procesul de recrutare?<\/a><\/li>\n<li><a class=\"wp-block-latest-posts__post-title\" href=\"https:\/\/hsp.ro\/index.php\/2025\/04\/09\/ce-aduce-nou-modelul-pimex-in-hr\/\">\ud83e\udde0 Ce aduce nou modelul PIMEX \u00een HR?<\/a><\/li>\n<\/ul>","protected":false},"excerpt":{"rendered":"<p>PIMEX \u00een HR \u2013 Recrutare, Reten\u021bie \u0219i Reconversie cu \u00een\u021belegere psihologic\u0103 profund\u0103 \ud83c\udfaf \u00centr-o er\u0103 \u00een care automatizarea redefine\u0219te structurile organiza\u021bionale, adev\u0103rata diferen\u021b\u0103 competitiv\u0103 r\u0103m\u00e2ne umanul.Subcategoria HR a blogului PIMEX exploreaz\u0103 aplicabilitatea modelului \u00een procesele de recrutare strategic\u0103, reten\u021bie predictiv\u0103, evaluare psiho-profesional\u0103 \u0219i reconversie voca\u021bional\u0103. PIMEX aduce o abordare nou\u0103 \u00een HR prin: \ud83d\udccc Aici [&hellip;]<\/p>\n","protected":false},"author":1,"featured_media":172,"parent":164,"menu_order":0,"comment_status":"closed","ping_status":"closed","template":"","meta":{"footnotes":""},"class_list":["post-168","page","type-page","status-publish","has-post-thumbnail","hentry"],"jetpack_sharing_enabled":true,"_links":{"self":[{"href":"https:\/\/hsp.ro\/index.php\/wp-json\/wp\/v2\/pages\/168","targetHints":{"allow":["GET"]}}],"collection":[{"href":"https:\/\/hsp.ro\/index.php\/wp-json\/wp\/v2\/pages"}],"about":[{"href":"https:\/\/hsp.ro\/index.php\/wp-json\/wp\/v2\/types\/page"}],"author":[{"embeddable":true,"href":"https:\/\/hsp.ro\/index.php\/wp-json\/wp\/v2\/users\/1"}],"replies":[{"embeddable":true,"href":"https:\/\/hsp.ro\/index.php\/wp-json\/wp\/v2\/comments?post=168"}],"version-history":[{"count":4,"href":"https:\/\/hsp.ro\/index.php\/wp-json\/wp\/v2\/pages\/168\/revisions"}],"predecessor-version":[{"id":187,"href":"https:\/\/hsp.ro\/index.php\/wp-json\/wp\/v2\/pages\/168\/revisions\/187"}],"up":[{"embeddable":true,"href":"https:\/\/hsp.ro\/index.php\/wp-json\/wp\/v2\/pages\/164"}],"wp:featuredmedia":[{"embeddable":true,"href":"https:\/\/hsp.ro\/index.php\/wp-json\/wp\/v2\/media\/172"}],"wp:attachment":[{"href":"https:\/\/hsp.ro\/index.php\/wp-json\/wp\/v2\/media?parent=168"}],"curies":[{"name":"wp","href":"https:\/\/api.w.org\/{rel}","templated":true}]}}