{"id":164,"date":"2025-04-09T10:00:37","date_gmt":"2025-04-09T08:00:37","guid":{"rendered":"https:\/\/hsp.ro\/?page_id=164"},"modified":"2025-04-09T10:00:37","modified_gmt":"2025-04-09T08:00:37","slug":"pimex","status":"publish","type":"page","link":"https:\/\/hsp.ro\/index.php\/pimex\/","title":{"rendered":"PIMEX"},"content":{"rendered":"<h2 class=\"wp-block-heading has-medium-font-size\">PIMEX \u2013 Explorare Psihologic\u0103, Profesional\u0103 \u0219i AI-Strategic\u0103<\/h2><p class=\"has-text-color has-link-color has-medium-font-size wp-elements-a9f72186c4404f1dce81056cdc4eef7f\" style=\"border-style:none;border-width:0px;color:#eb430e\">Despre PIMEX <\/p><p class=\"has-theme-5-color has-text-color has-link-color wp-elements-86aeed1fada0f0cb1bd5db3611054aaa\">PIMEX (Psychological Integrative Model of EXistential patterns) este un model original de analiz\u0103 psihologic\u0103 \u0219i voca\u021bional\u0103, conceput pentru a integra dimensiuni existen\u021biale, profesionale \u0219i simbolice \u00eentr-un format adaptabil pentru AI, HR \u0219i dezvoltare personal\u0103. <\/p><p class=\"has-theme-5-color has-text-color has-link-color wp-elements-92bcd8f150f502ec0d0795aa0672d6b4\">Acest blog este spa\u021biul de reflec\u021bie, testare, aplicare \u0219i rafinare continu\u0103 a acestui model.<\/p><p>\ud83d\udcda Ce vei g\u0103si aici:<br>Blogul PIMEX este structurat pe teme esen\u021biale pentru viitorul interac\u021biunii dintre om, tehnologie \u0219i sens:<\/p><p>\ud83d\udd39 HR \u2013 Aplica\u021bii ale modelului \u00een recrutare, reten\u021bie, evaluare psiho-profesional\u0103 \u0219i reconversie.<br>\ud83d\udd39 AI \u2013 Cum poate fi PIMEX integrat \u00een platforme conversa\u021bionale (Gemini, Claude etc.) pentru a genera interpret\u0103ri personalizate, sau chatbo\u021bi terapeutici.<br>\ud83d\udd39 Dezvoltare personal\u0103 \u2013 Ghiduri, reflec\u021bii \u0219i tehnici inspirate din model, pentru autocunoa\u0219tere, voca\u021bie \u0219i sens.<\/p><div style=\"height:5px\" aria-hidden=\"true\" class=\"wp-block-spacer\"><\/div><p style=\"border-width:1px;border-radius:4px\">Ultimele articole<\/p><ul class=\"wp-block-latest-posts__list wp-block-latest-posts\"><li><a class=\"wp-block-latest-posts__post-title\" href=\"https:\/\/hsp.ro\/index.php\/2025\/05\/01\/faq-pimex-scoruri-numerice-si-anexa-metodologica\/\">FAQ PIMEX \u2013 Scoruri Numerice \u0219i Anex\u0103 Metodologic\u0103<\/a><\/li>\n<li><a class=\"wp-block-latest-posts__post-title\" href=\"https:\/\/hsp.ro\/index.php\/2025\/05\/01\/faq-pimex-hr-numeric-vs-calitativ\/\">FAQ PIMEX-HR: Numeric vs. Calitativ<\/a><\/li>\n<li><a class=\"wp-block-latest-posts__post-title\" href=\"https:\/\/hsp.ro\/index.php\/2025\/04\/29\/faq-pimex\/\">FAQ PIMEX<\/a><\/li>\n<li><a class=\"wp-block-latest-posts__post-title\" href=\"https:\/\/hsp.ro\/index.php\/2025\/04\/10\/descoperirea-vocatiei-nu-ce-stii-sa-faci-ci-ce-te-cheama-din-interior\/\">\ud83e\udded Descoperirea voca\u021biei \u2013 Nu ce \u0219tii s\u0103 faci, ci ce te cheam\u0103 din interior<\/a><\/li>\n<li><a class=\"wp-block-latest-posts__post-title\" href=\"https:\/\/hsp.ro\/index.php\/2025\/04\/10\/tiparul-personal-de-esec-cum-il-recunosti-cu-pimex-si-cum-il-transformi\/\">\ud83d\udd04 Tiparul personal de e\u0219ec \u2013 Cum \u00eel recuno\u0219ti cu PIMEX \u0219i cum \u00eel transformi<\/a><\/li>\n<\/ul><p>\ud83d\udccc <strong>Te invit\u0103m s\u0103 explorezi, s\u0103 comentezi \u0219i s\u0103 contribui!<\/strong><br>Fiecare articol este o pies\u0103 dintr-o hart\u0103 mai mare \u2013 cea a poten\u021bialului uman amplificat prin inteligen\u021b\u0103 simbolic\u0103 \u0219i tehnologic\u0103.<\/p>","protected":false},"excerpt":{"rendered":"<p>PIMEX \u2013 Explorare Psihologic\u0103, Profesional\u0103 \u0219i AI-Strategic\u0103 Despre PIMEX PIMEX (Psychological Integrative Model of EXistential patterns) este un model original de analiz\u0103 psihologic\u0103 \u0219i voca\u021bional\u0103, conceput pentru a integra dimensiuni existen\u021biale, profesionale \u0219i simbolice \u00eentr-un format adaptabil pentru AI, HR \u0219i dezvoltare personal\u0103. Acest blog este spa\u021biul de reflec\u021bie, testare, aplicare \u0219i rafinare continu\u0103 a [&hellip;]<\/p>\n","protected":false},"author":1,"featured_media":0,"parent":0,"menu_order":0,"comment_status":"closed","ping_status":"closed","template":"","meta":{"footnotes":""},"class_list":["post-164","page","type-page","status-publish","hentry"],"jetpack_sharing_enabled":true,"_links":{"self":[{"href":"https:\/\/hsp.ro\/index.php\/wp-json\/wp\/v2\/pages\/164","targetHints":{"allow":["GET"]}}],"collection":[{"href":"https:\/\/hsp.ro\/index.php\/wp-json\/wp\/v2\/pages"}],"about":[{"href":"https:\/\/hsp.ro\/index.php\/wp-json\/wp\/v2\/types\/page"}],"author":[{"embeddable":true,"href":"https:\/\/hsp.ro\/index.php\/wp-json\/wp\/v2\/users\/1"}],"replies":[{"embeddable":true,"href":"https:\/\/hsp.ro\/index.php\/wp-json\/wp\/v2\/comments?post=164"}],"version-history":[{"count":1,"href":"https:\/\/hsp.ro\/index.php\/wp-json\/wp\/v2\/pages\/164\/revisions"}],"predecessor-version":[{"id":166,"href":"https:\/\/hsp.ro\/index.php\/wp-json\/wp\/v2\/pages\/164\/revisions\/166"}],"wp:attachment":[{"href":"https:\/\/hsp.ro\/index.php\/wp-json\/wp\/v2\/media?parent=164"}],"curies":[{"name":"wp","href":"https:\/\/api.w.org\/{rel}","templated":true}]}}